{"id":1664,"date":"2022-03-28T13:04:23","date_gmt":"2022-03-28T11:04:23","guid":{"rendered":"https:\/\/www.centridialisirivieraligure.it\/servizi-e-apparecchiature\/"},"modified":"2022-11-24T12:34:15","modified_gmt":"2022-11-24T11:34:15","slug":"medizinische-leistungen-und-geraete","status":"publish","type":"page","link":"https:\/\/www.centridialisirivieraligure.it\/de\/medizinische-leistungen-und-geraete\/","title":{"rendered":"Medizinische Leistungen und Ger\u00e4te"},"content":{"rendered":"<p>[vc_row css_animation=&#8220;&#8220; row_type=&#8220;row&#8220; use_row_as_full_screen_section=&#8220;no&#8220; type=&#8220;grid&#8220; angled_section=&#8220;no&#8220; text_align=&#8220;left&#8220; background_image_as_pattern=&#8220;without_pattern&#8220; z_index=&#8220;&#8220;][vc_column offset=&#8220;vc_col-lg-6&#8243;][qode_elements_holder number_of_columns=&#8220;one_column&#8220;][qode_elements_holder_item advanced_animations=&#8220;no&#8220; item_padding=&#8220;98px 48px 48px 48px&#8220; item_padding_600_768=&#8220;48px 48px 48px 48px&#8220; item_padding_480_600=&#8220;48px 48px 48px 48px&#8220; item_padding_480=&#8220;48px 48px 48px 48px&#8220; item_padding_768_1024=&#8220;0 48px 48px 48px&#8220; item_padding_1024_1280=&#8220;0 48px 48px 48px&#8220;][vc_column_text]Das Dialysezentrum Riviera Ligure f\u00fchrt <strong>Bicarbonat-Dialysebehandlungen mit besonders biokompatiblen Dialysemembranen und Online-H\u00e4modiafiltration<\/strong> durch.[\/vc_column_text][vc_empty_space][vc_column_text]Beim ersten Besuch des Patienten erfolgt eine \u00e4rztliche Aufnahmeuntersuchung mit Erstellung eines <strong>individuellen Dialyseplans<\/strong>, Beurteilung der Rezirkulation des <strong>SHUNTS<\/strong> zwischen Arterie und Vene oder Sp\u00fclung und Behandlung des permanenten Vorhofkatheters.[\/vc_column_text][\/qode_elements_holder_item][\/qode_elements_holder][\/vc_column][vc_column offset=&#8220;vc_col-lg-6&#8243;][qode_elements_holder number_of_columns=&#8220;one_column&#8220;][qode_elements_holder_item advanced_animations=&#8220;no&#8220; item_padding=&#8220;48px&#8220;][vc_single_image image=&#8220;1046&#8243; img_size=&#8220;full&#8220; style=&#8220;vc_box_rounded&#8220; qode_css_animation=&#8220;&#8220;][\/qode_elements_holder_item][\/qode_elements_holder][\/vc_column][\/vc_row][vc_row css_animation=&#8220;&#8220; row_type=&#8220;row&#8220; use_row_as_full_screen_section=&#8220;no&#8220; type=&#8220;grid&#8220; angled_section=&#8220;no&#8220; text_align=&#8220;left&#8220; background_image_as_pattern=&#8220;without_pattern&#8220; z_index=&#8220;&#8220;][vc_column offset=&#8220;vc_col-lg-6&#8243;][qode_elements_holder number_of_columns=&#8220;one_column&#8220;][qode_elements_holder_item advanced_animations=&#8220;no&#8220; item_padding=&#8220;48px&#8220;][vc_single_image image=&#8220;1208&#8243; img_size=&#8220;full&#8220; style=&#8220;vc_box_rounded&#8220; qode_css_animation=&#8220;&#8220;][\/qode_elements_holder_item][\/qode_elements_holder][\/vc_column][vc_column offset=&#8220;vc_col-lg-6&#8243;][qode_elements_holder number_of_columns=&#8220;one_column&#8220;][qode_elements_holder_item advanced_animations=&#8220;no&#8220; item_padding=&#8220;98px 48px 48px 48px&#8220; item_padding_600_768=&#8220;48px 48px 48px 48px&#8220; item_padding_480_600=&#8220;48px 48px 48px 48px&#8220; item_padding_480=&#8220;48px 48px 48px 48px&#8220;][vc_column_text]Nachdem die geplanten Dialysebehandlungen beendet sind, erfolgt die \u00e4rztliche Abschlussuntersuchung, bei der dem Patienten die medizinischen Unterlagen \u00fcber die erhaltenen Behandlungen ausgeh\u00e4ndigt werden.<br \/>\nDer Behandlungsverlauf des Patienten, der stets von unseren Fach\u00e4rzten begleitet wird, sieht Folgendes vor:[\/vc_column_text][vc_empty_space]<div class='q_icon_with_title tiny circle left_from_title '><div class=\"icon_text_holder\" style=\"\"><div class=\"icon_text_inner\" style=\"\"><div class=\"icon_title_holder\"><div class=\"icon_holder \" style=\" \"><span data-icon-type=\"circle\"   class=\"qode_iwt_icon_holder fa-stack fa-lg  \" style=\"border-color: rgba(0,0,0,0.01);background-color: #f66d00;\"><span aria-hidden=\"true\" class=\"qode_icon_font_elegant icon_check qode_iwt_icon_element\" style=\"color: #ffffff;\" ><\/span><\/span><\/div><h5 class=\"icon_title\" style=\"color: #221f2e;\">Aufnahmeuntersuchung durch einen Facharzt f\u00fcr Nierenerkrankungen<\/h5><\/div><p style=''><\/p><\/div><\/div><\/div><div class='q_icon_with_title tiny circle left_from_title '><div class=\"icon_text_holder\" style=\"\"><div class=\"icon_text_inner\" style=\"\"><div class=\"icon_title_holder\"><div class=\"icon_holder \" style=\" \"><span data-icon-type=\"circle\"   class=\"qode_iwt_icon_holder fa-stack fa-lg  \" style=\"border-color: rgba(0,0,0,0.01);background-color: #f66d00;\"><span aria-hidden=\"true\" class=\"qode_icon_font_elegant icon_check qode_iwt_icon_element\" style=\"color: #ffffff;\" ><\/span><\/span><\/div><h5 class=\"icon_title\" style=\"color: #221f2e;\">Erstellung des Dialyseplans<\/h5><\/div><p style=''><\/p><\/div><\/div><\/div><div class='q_icon_with_title tiny circle left_from_title '><div class=\"icon_text_holder\" style=\"\"><div class=\"icon_text_inner\" style=\"\"><div class=\"icon_title_holder\"><div class=\"icon_holder \" style=\" \"><span data-icon-type=\"circle\"   class=\"qode_iwt_icon_holder fa-stack fa-lg  \" style=\"border-color: rgba(0,0,0,0.01);background-color: #f66d00;\"><span aria-hidden=\"true\" class=\"qode_icon_font_elegant icon_check qode_iwt_icon_element\" style=\"color: #ffffff;\" ><\/span><\/span><\/div><h5 class=\"icon_title\" style=\"color: #221f2e;\">Bicarbonat-Dialyse oder H\u00e4modiafiltration<\/h5><\/div><p style=''><\/p><\/div><\/div><\/div><div class='q_icon_with_title tiny circle left_from_title '><div class=\"icon_text_holder\" style=\"\"><div class=\"icon_text_inner\" style=\"\"><div class=\"icon_title_holder\"><div class=\"icon_holder \" style=\" \"><span data-icon-type=\"circle\"   class=\"qode_iwt_icon_holder fa-stack fa-lg  \" style=\"border-color: rgba(0,0,0,0.01);background-color: #f66d00;\"><span aria-hidden=\"true\" class=\"qode_icon_font_elegant icon_check qode_iwt_icon_element\" style=\"color: #ffffff;\" ><\/span><\/span><\/div><h5 class=\"icon_title\" style=\"color: #221f2e;\">Abschlussuntersuchung<\/h5><\/div><p style=''><\/p><\/div><\/div><\/div><div class='q_icon_with_title tiny circle left_from_title '><div class=\"icon_text_holder\" style=\"\"><div class=\"icon_text_inner\" style=\"\"><div class=\"icon_title_holder\"><div class=\"icon_holder \" style=\" \"><span data-icon-type=\"circle\"   class=\"qode_iwt_icon_holder fa-stack fa-lg  \" style=\"border-color: rgba(0,0,0,0.01);background-color: #f66d00;\"><span aria-hidden=\"true\" class=\"qode_icon_font_elegant icon_check qode_iwt_icon_element\" style=\"color: #ffffff;\" ><\/span><\/span><\/div><h5 class=\"icon_title\" style=\"color: #221f2e;\">\u00dcbergabe des Abschlussberichts<\/h5><\/div><p style=''><\/p><\/div><\/div><\/div>[\/qode_elements_holder_item][\/qode_elements_holder][\/vc_column][\/vc_row][vc_row css_animation=&#8220;&#8220; row_type=&#8220;row&#8220; use_row_as_full_screen_section=&#8220;no&#8220; type=&#8220;grid&#8220; angled_section=&#8220;no&#8220; text_align=&#8220;left&#8220; background_image_as_pattern=&#8220;without_pattern&#8220; z_index=&#8220;&#8220;][vc_column][qode_elements_holder number_of_columns=&#8220;one_column&#8220;][qode_elements_holder_item horizontal_alignment=&#8220;center&#8220; advanced_animations=&#8220;no&#8220; item_padding=&#8220;98px 0 48px 0&#8243;][vc_column_text]<\/p>\n<h2>Die Ger\u00e4te<\/h2>\n<p>[\/vc_column_text][vc_empty_space][vc_column_text]<\/p>\n<h5>In unseren Dialysezentren verwenden wir modernste Monitore und Ger\u00e4te des Herstellers Fresenius.<\/h5>\n<p>[\/vc_column_text][\/qode_elements_holder_item][\/qode_elements_holder][\/vc_column][\/vc_row][vc_row css_animation=&#8220;&#8220; row_type=&#8220;row&#8220; use_row_as_full_screen_section=&#8220;no&#8220; type=&#8220;grid&#8220; angled_section=&#8220;no&#8220; text_align=&#8220;left&#8220; background_image_as_pattern=&#8220;without_pattern&#8220; z_index=&#8220;&#8220;][vc_column offset=&#8220;vc_col-lg-6&#8243;][qode_elements_holder number_of_columns=&#8220;one_column&#8220;][qode_elements_holder_item advanced_animations=&#8220;no&#8220; item_padding=&#8220;48px&#8220;][vc_single_image image=&#8220;1009&#8243; img_size=&#8220;full&#8220; alignment=&#8220;center&#8220; style=&#8220;vc_box_circle_2&#8243; qode_css_animation=&#8220;&#8220;][vc_empty_space height=&#8220;48px&#8220;][vc_column_text]<\/p>\n<h4>5008 CorDiax und 5008S CorDiax<\/h4>\n<p>[\/vc_column_text][vc_empty_space][vc_column_text]Die Dialysatoren 5008 CorDiax und 5008S CorDiax bieten standardm\u00e4\u00dfig an allen Ger\u00e4ten eine intelligente Sicherheitsfunktion:<\/p>\n<p>&nbsp;<\/p>\n<ul>\n<li>Es werden sehr genaue Daten \u00fcber den Zustand im Inneren des Dialysators bereitgestellt.<\/li>\n<li>Zahlreiche Kontrollen in der Minute erm\u00f6glichen es, den Substitutionsfluss konstant zu optimieren.<\/li>\n<li>Das System wird bei Behandlungsbeginn automatisch aktiviert.<\/li>\n<li>Die Funktion AutoSubplus unterst\u00fctzt den Nephrologen beim Einsatz von High-Volume-HDF\u00ae als Standardtherapie.<\/li>\n<\/ul>\n<p>[\/vc_column_text][\/qode_elements_holder_item][\/qode_elements_holder][vc_empty_space height=&#8220;48px&#8220;][\/vc_column][vc_column offset=&#8220;vc_col-lg-6&#8243;][qode_elements_holder number_of_columns=&#8220;one_column&#8220;][qode_elements_holder_item advanced_animations=&#8220;no&#8220; item_padding=&#8220;48px&#8220;][vc_single_image image=&#8220;1011&#8243; img_size=&#8220;full&#8220; alignment=&#8220;center&#8220; style=&#8220;vc_box_circle_2&#8243; qode_css_animation=&#8220;&#8220;][vc_empty_space height=&#8220;48px&#8220;][vc_column_text]<\/p>\n<h4>Osmose<\/h4>\n<p>[\/vc_column_text][vc_empty_space][vc_column_text]Das Ger\u00e4t AquaWTU f\u00fcr Dialysezentren bietet ein vollkommen unabh\u00e4ngiges Wasseraufbereitungssystem und umfasst Umkehrosmose und eine Vorfiltration.<br \/>\nDieses System wurde zur besonders ger\u00e4uscharmen Versorgung von Dialyseger\u00e4ten entwickelt.<br \/>\nDas System \u00fcberwacht konstant die chemischen, physikalischen und bakteriologischen Parameter des aufbereiteten Wassers.[\/vc_column_text][\/qode_elements_holder_item][\/qode_elements_holder][\/vc_column][\/vc_row]<\/p>\n","protected":false},"excerpt":{"rendered":"<p>[vc_row css_animation=&#8220;&#8220; row_type=&#8220;row&#8220; use_row_as_full_screen_section=&#8220;no&#8220; type=&#8220;grid&#8220; angled_section=&#8220;no&#8220; text_align=&#8220;left&#8220; background_image_as_pattern=&#8220;without_pattern&#8220; z_index=&#8220;&#8220;][vc_column offset=&#8220;vc_col-lg-6&#8243;][qode_elements_holder number_of_columns=&#8220;one_column&#8220;][qode_elements_holder_item advanced_animations=&#8220;no&#8220; item_padding=&#8220;98px 48px 48px 48px&#8220; item_padding_600_768=&#8220;48px&#8230;<\/p>\n","protected":false},"author":2,"featured_media":0,"parent":0,"menu_order":0,"comment_status":"closed","ping_status":"closed","template":"full_width.php","meta":{"_exactmetrics_skip_tracking":false,"_exactmetrics_sitenote_active":false,"_exactmetrics_sitenote_note":"","_exactmetrics_sitenote_category":0,"footnotes":""},"class_list":["post-1664","page","type-page","status-publish","hentry"],"yoast_head":"<!-- This site is optimized with the Yoast SEO plugin v27.2 - https:\/\/yoast.com\/product\/yoast-seo-wordpress\/ -->\n<title>Medizinische Leistungen und Ger\u00e4te - Centro Dialisi della Riviera Ligure Srl<\/title>\n<meta name=\"robots\" content=\"index, follow, max-snippet:-1, max-image-preview:large, max-video-preview:-1\" \/>\n<link rel=\"canonical\" href=\"https:\/\/www.centridialisirivieraligure.it\/de\/medizinische-leistungen-und-geraete\/\" \/>\n<meta property=\"og:locale\" content=\"de_DE\" \/>\n<meta property=\"og:type\" content=\"article\" \/>\n<meta property=\"og:title\" content=\"Medizinische Leistungen und Ger\u00e4te - Centro Dialisi della Riviera Ligure Srl\" \/>\n<meta property=\"og:description\" content=\"[vc_row css_animation=&#8220;&#8220; row_type=&#8220;row&#8220; use_row_as_full_screen_section=&#8220;no&#8220; type=&#8220;grid&#8220; angled_section=&#8220;no&#8220; text_align=&#8220;left&#8220; background_image_as_pattern=&#8220;without_pattern&#8220; z_index=&#8220;&#8220;][vc_column offset=&#8220;vc_col-lg-6&#8243;][qode_elements_holder number_of_columns=&#8220;one_column&#8220;][qode_elements_holder_item advanced_animations=&#8220;no&#8220; item_padding=&#8220;98px 48px 48px 48px&#8220; item_padding_600_768=&#8220;48px...\" \/>\n<meta property=\"og:url\" content=\"https:\/\/www.centridialisirivieraligure.it\/de\/medizinische-leistungen-und-geraete\/\" \/>\n<meta property=\"og:site_name\" content=\"Centro Dialisi della Riviera Ligure Srl\" \/>\n<meta property=\"article:modified_time\" content=\"2022-11-24T11:34:15+00:00\" \/>\n<meta name=\"twitter:card\" content=\"summary_large_image\" \/>\n<meta name=\"twitter:label1\" content=\"Gesch\u00e4tzte Lesezeit\" \/>\n\t<meta name=\"twitter:data1\" content=\"3\u00a0Minuten\" \/>\n<script type=\"application\/ld+json\" class=\"yoast-schema-graph\">{\"@context\":\"https:\/\/schema.org\",\"@graph\":[{\"@type\":\"WebPage\",\"@id\":\"https:\/\/www.centridialisirivieraligure.it\/de\/medizinische-leistungen-und-geraete\/\",\"url\":\"https:\/\/www.centridialisirivieraligure.it\/de\/medizinische-leistungen-und-geraete\/\",\"name\":\"Medizinische Leistungen und Ger\u00e4te - Centro Dialisi della Riviera Ligure Srl\",\"isPartOf\":{\"@id\":\"https:\/\/www.centridialisirivieraligure.it\/#website\"},\"datePublished\":\"2022-03-28T11:04:23+00:00\",\"dateModified\":\"2022-11-24T11:34:15+00:00\",\"breadcrumb\":{\"@id\":\"https:\/\/www.centridialisirivieraligure.it\/de\/medizinische-leistungen-und-geraete\/#breadcrumb\"},\"inLanguage\":\"de\",\"potentialAction\":[{\"@type\":\"ReadAction\",\"target\":[\"https:\/\/www.centridialisirivieraligure.it\/de\/medizinische-leistungen-und-geraete\/\"]}]},{\"@type\":\"BreadcrumbList\",\"@id\":\"https:\/\/www.centridialisirivieraligure.it\/de\/medizinische-leistungen-und-geraete\/#breadcrumb\",\"itemListElement\":[{\"@type\":\"ListItem\",\"position\":1,\"name\":\"Home\",\"item\":\"https:\/\/www.centridialisirivieraligure.it\/de\/\"},{\"@type\":\"ListItem\",\"position\":2,\"name\":\"Medizinische Leistungen und Ger\u00e4te\"}]},{\"@type\":\"WebSite\",\"@id\":\"https:\/\/www.centridialisirivieraligure.it\/#website\",\"url\":\"https:\/\/www.centridialisirivieraligure.it\/\",\"name\":\"Centro Dialisi della Riviera Ligure Srl\",\"description\":\"\",\"publisher\":{\"@id\":\"https:\/\/www.centridialisirivieraligure.it\/#organization\"},\"potentialAction\":[{\"@type\":\"SearchAction\",\"target\":{\"@type\":\"EntryPoint\",\"urlTemplate\":\"https:\/\/www.centridialisirivieraligure.it\/?s={search_term_string}\"},\"query-input\":{\"@type\":\"PropertyValueSpecification\",\"valueRequired\":true,\"valueName\":\"search_term_string\"}}],\"inLanguage\":\"de\"},{\"@type\":\"Organization\",\"@id\":\"https:\/\/www.centridialisirivieraligure.it\/#organization\",\"name\":\"Centro Dialisi Riviera Ligure S.r.l.\",\"url\":\"https:\/\/www.centridialisirivieraligure.it\/\",\"logo\":{\"@type\":\"ImageObject\",\"inLanguage\":\"de\",\"@id\":\"https:\/\/www.centridialisirivieraligure.it\/#\/schema\/logo\/image\/\",\"url\":\"https:\/\/www.centridialisirivieraligure.it\/wp-content\/uploads\/2022\/04\/logo-mobile-centri-dialisi-riviera-ligure.png\",\"contentUrl\":\"https:\/\/www.centridialisirivieraligure.it\/wp-content\/uploads\/2022\/04\/logo-mobile-centri-dialisi-riviera-ligure.png\",\"width\":255,\"height\":100,\"caption\":\"Centro Dialisi Riviera Ligure S.r.l.\"},\"image\":{\"@id\":\"https:\/\/www.centridialisirivieraligure.it\/#\/schema\/logo\/image\/\"}}]}<\/script>\n<!-- \/ Yoast SEO plugin. -->","yoast_head_json":{"title":"Medizinische Leistungen und Ger\u00e4te - Centro Dialisi della Riviera Ligure Srl","robots":{"index":"index","follow":"follow","max-snippet":"max-snippet:-1","max-image-preview":"max-image-preview:large","max-video-preview":"max-video-preview:-1"},"canonical":"https:\/\/www.centridialisirivieraligure.it\/de\/medizinische-leistungen-und-geraete\/","og_locale":"de_DE","og_type":"article","og_title":"Medizinische Leistungen und Ger\u00e4te - Centro Dialisi della Riviera Ligure Srl","og_description":"[vc_row css_animation=&#8220;&#8220; row_type=&#8220;row&#8220; use_row_as_full_screen_section=&#8220;no&#8220; type=&#8220;grid&#8220; angled_section=&#8220;no&#8220; text_align=&#8220;left&#8220; background_image_as_pattern=&#8220;without_pattern&#8220; z_index=&#8220;&#8220;][vc_column offset=&#8220;vc_col-lg-6&#8243;][qode_elements_holder number_of_columns=&#8220;one_column&#8220;][qode_elements_holder_item advanced_animations=&#8220;no&#8220; item_padding=&#8220;98px 48px 48px 48px&#8220; item_padding_600_768=&#8220;48px...","og_url":"https:\/\/www.centridialisirivieraligure.it\/de\/medizinische-leistungen-und-geraete\/","og_site_name":"Centro Dialisi della Riviera Ligure Srl","article_modified_time":"2022-11-24T11:34:15+00:00","twitter_card":"summary_large_image","twitter_misc":{"Gesch\u00e4tzte Lesezeit":"3\u00a0Minuten"},"schema":{"@context":"https:\/\/schema.org","@graph":[{"@type":"WebPage","@id":"https:\/\/www.centridialisirivieraligure.it\/de\/medizinische-leistungen-und-geraete\/","url":"https:\/\/www.centridialisirivieraligure.it\/de\/medizinische-leistungen-und-geraete\/","name":"Medizinische Leistungen und Ger\u00e4te - Centro Dialisi della Riviera Ligure Srl","isPartOf":{"@id":"https:\/\/www.centridialisirivieraligure.it\/#website"},"datePublished":"2022-03-28T11:04:23+00:00","dateModified":"2022-11-24T11:34:15+00:00","breadcrumb":{"@id":"https:\/\/www.centridialisirivieraligure.it\/de\/medizinische-leistungen-und-geraete\/#breadcrumb"},"inLanguage":"de","potentialAction":[{"@type":"ReadAction","target":["https:\/\/www.centridialisirivieraligure.it\/de\/medizinische-leistungen-und-geraete\/"]}]},{"@type":"BreadcrumbList","@id":"https:\/\/www.centridialisirivieraligure.it\/de\/medizinische-leistungen-und-geraete\/#breadcrumb","itemListElement":[{"@type":"ListItem","position":1,"name":"Home","item":"https:\/\/www.centridialisirivieraligure.it\/de\/"},{"@type":"ListItem","position":2,"name":"Medizinische Leistungen und Ger\u00e4te"}]},{"@type":"WebSite","@id":"https:\/\/www.centridialisirivieraligure.it\/#website","url":"https:\/\/www.centridialisirivieraligure.it\/","name":"Centro Dialisi della Riviera Ligure Srl","description":"","publisher":{"@id":"https:\/\/www.centridialisirivieraligure.it\/#organization"},"potentialAction":[{"@type":"SearchAction","target":{"@type":"EntryPoint","urlTemplate":"https:\/\/www.centridialisirivieraligure.it\/?s={search_term_string}"},"query-input":{"@type":"PropertyValueSpecification","valueRequired":true,"valueName":"search_term_string"}}],"inLanguage":"de"},{"@type":"Organization","@id":"https:\/\/www.centridialisirivieraligure.it\/#organization","name":"Centro Dialisi Riviera Ligure S.r.l.","url":"https:\/\/www.centridialisirivieraligure.it\/","logo":{"@type":"ImageObject","inLanguage":"de","@id":"https:\/\/www.centridialisirivieraligure.it\/#\/schema\/logo\/image\/","url":"https:\/\/www.centridialisirivieraligure.it\/wp-content\/uploads\/2022\/04\/logo-mobile-centri-dialisi-riviera-ligure.png","contentUrl":"https:\/\/www.centridialisirivieraligure.it\/wp-content\/uploads\/2022\/04\/logo-mobile-centri-dialisi-riviera-ligure.png","width":255,"height":100,"caption":"Centro Dialisi Riviera Ligure S.r.l."},"image":{"@id":"https:\/\/www.centridialisirivieraligure.it\/#\/schema\/logo\/image\/"}}]}},"_links":{"self":[{"href":"https:\/\/www.centridialisirivieraligure.it\/de\/wp-json\/wp\/v2\/pages\/1664","targetHints":{"allow":["GET"]}}],"collection":[{"href":"https:\/\/www.centridialisirivieraligure.it\/de\/wp-json\/wp\/v2\/pages"}],"about":[{"href":"https:\/\/www.centridialisirivieraligure.it\/de\/wp-json\/wp\/v2\/types\/page"}],"author":[{"embeddable":true,"href":"https:\/\/www.centridialisirivieraligure.it\/de\/wp-json\/wp\/v2\/users\/2"}],"replies":[{"embeddable":true,"href":"https:\/\/www.centridialisirivieraligure.it\/de\/wp-json\/wp\/v2\/comments?post=1664"}],"version-history":[{"count":2,"href":"https:\/\/www.centridialisirivieraligure.it\/de\/wp-json\/wp\/v2\/pages\/1664\/revisions"}],"predecessor-version":[{"id":1666,"href":"https:\/\/www.centridialisirivieraligure.it\/de\/wp-json\/wp\/v2\/pages\/1664\/revisions\/1666"}],"wp:attachment":[{"href":"https:\/\/www.centridialisirivieraligure.it\/de\/wp-json\/wp\/v2\/media?parent=1664"}],"curies":[{"name":"wp","href":"https:\/\/api.w.org\/{rel}","templated":true}]}}